{"id":56,"date":"2022-12-18T21:45:25","date_gmt":"2022-12-18T20:45:25","guid":{"rendered":"http:\/\/cp.devtold.pl\/?page_id=56"},"modified":"2026-04-03T17:30:42","modified_gmt":"2026-04-03T15:30:42","slug":"strona-glowna-2","status":"publish","type":"page","link":"https:\/\/nowy.commplace.pl\/de\/","title":{"rendered":"Heim"},"content":{"rendered":"","protected":false},"excerpt":{"rendered":"","protected":false},"author":2,"featured_media":0,"parent":0,"menu_order":0,"comment_status":"closed","ping_status":"closed","template":"","meta":{"_acf_changed":false,"footnotes":""},"class_list":["post-56","page","type-page","status-publish","hentry"],"acf":[],"yoast_head":"<!-- This site is optimized with the Yoast SEO plugin v26.8 - https:\/\/yoast.com\/product\/yoast-seo-wordpress\/ -->\n<title>Agencja PR - 25 lat do\u015bwiadczenia | Commplace<\/title>\n<meta name=\"description\" content=\"\u2713 25 lat do\u015bwiadczenia \u2713 300+ kampanii \u2713 Zesp\u00f3\u0142 ekspert\u00f3w PR \u2713 Kompleksowa obs\u0142uga dla firm B2B i B2C. Sprawd\u017a ofert\u0119!\" \/>\n<meta name=\"robots\" content=\"index, follow, max-snippet:-1, max-image-preview:large, max-video-preview:-1\" \/>\n<link rel=\"canonical\" href=\"https:\/\/nowy.commplace.pl\/de\/\" \/>\n<meta property=\"og:locale\" content=\"de_DE\" \/>\n<meta property=\"og:type\" content=\"article\" \/>\n<meta property=\"og:title\" content=\"Agencja PR - 25 lat do\u015bwiadczenia | Commplace\" \/>\n<meta property=\"og:description\" content=\"\u2713 25 lat do\u015bwiadczenia \u2713 300+ kampanii \u2713 Zesp\u00f3\u0142 ekspert\u00f3w PR \u2713 Kompleksowa obs\u0142uga dla firm B2B i B2C. Sprawd\u017a ofert\u0119!\" \/>\n<meta property=\"og:url\" content=\"https:\/\/nowy.commplace.pl\/de\/\" \/>\n<meta property=\"og:site_name\" content=\"Commplace\" \/>\n<meta property=\"article:modified_time\" content=\"2026-04-03T15:30:42+00:00\" \/>\n<meta name=\"twitter:card\" content=\"summary_large_image\" \/>\n<!-- \/ Yoast SEO plugin. -->","yoast_head_json":{"title":"PR-Agentur - 25 Jahre Erfahrung | Commplace","description":"\u2713 25 lat do\u015bwiadczenia \u2713 300+ kampanii \u2713 Zesp\u00f3\u0142 ekspert\u00f3w PR \u2713 Kompleksowa obs\u0142uga dla firm B2B i B2C. Sprawd\u017a ofert\u0119!","robots":{"index":"index","follow":"follow","max-snippet":"max-snippet:-1","max-image-preview":"max-image-preview:large","max-video-preview":"max-video-preview:-1"},"canonical":"https:\/\/nowy.commplace.pl\/de\/","og_locale":"de_DE","og_type":"article","og_title":"Agencja PR - 25 lat do\u015bwiadczenia | Commplace","og_description":"\u2713 25 lat do\u015bwiadczenia \u2713 300+ kampanii \u2713 Zesp\u00f3\u0142 ekspert\u00f3w PR \u2713 Kompleksowa obs\u0142uga dla firm B2B i B2C. Sprawd\u017a ofert\u0119!","og_url":"https:\/\/nowy.commplace.pl\/de\/","og_site_name":"Commplace","article_modified_time":"2026-04-03T15:30:42+00:00","twitter_card":"summary_large_image","schema":{"@context":"https:\/\/schema.org","@graph":[{"@type":"WebPage","@id":"https:\/\/nowy.commplace.pl\/de\/","url":"https:\/\/nowy.commplace.pl\/de\/","name":"PR-Agentur - 25 Jahre Erfahrung | Commplace","isPartOf":{"@id":"https:\/\/nowy.commplace.pl\/de\/#website"},"datePublished":"2022-12-18T20:45:25+00:00","dateModified":"2026-04-03T15:30:42+00:00","description":"\u2713 25 lat do\u015bwiadczenia \u2713 300+ kampanii \u2713 Zesp\u00f3\u0142 ekspert\u00f3w PR \u2713 Kompleksowa obs\u0142uga dla firm B2B i B2C. Sprawd\u017a ofert\u0119!","breadcrumb":{"@id":"https:\/\/nowy.commplace.pl\/de\/#breadcrumb"},"inLanguage":"de","potentialAction":[{"@type":"ReadAction","target":["https:\/\/nowy.commplace.pl\/de\/"]}]},{"@type":"BreadcrumbList","@id":"https:\/\/nowy.commplace.pl\/de\/#breadcrumb","itemListElement":[{"@type":"ListItem","position":1,"name":"Home","item":"https:\/\/nowy.commplace.pl\/"},{"@type":"ListItem","position":2,"name":"Strona g\u0142\u00f3wna"}]},{"@type":"WebSite","@id":"https:\/\/nowy.commplace.pl\/de\/#website","url":"https:\/\/nowy.commplace.pl\/de\/","name":"Kommort","description":"PR-Agentur Breslau","potentialAction":[{"@type":"SearchAction","target":{"@type":"EntryPoint","urlTemplate":"https:\/\/nowy.commplace.pl\/de\/?s={search_term_string}"},"query-input":{"@type":"PropertyValueSpecification","valueRequired":true,"valueName":"search_term_string"}}],"inLanguage":"de"}]}},"_links":{"self":[{"href":"https:\/\/nowy.commplace.pl\/de\/wp-json\/wp\/v2\/pages\/56","targetHints":{"allow":["GET"]}}],"collection":[{"href":"https:\/\/nowy.commplace.pl\/de\/wp-json\/wp\/v2\/pages"}],"about":[{"href":"https:\/\/nowy.commplace.pl\/de\/wp-json\/wp\/v2\/types\/page"}],"author":[{"embeddable":true,"href":"https:\/\/nowy.commplace.pl\/de\/wp-json\/wp\/v2\/users\/2"}],"replies":[{"embeddable":true,"href":"https:\/\/nowy.commplace.pl\/de\/wp-json\/wp\/v2\/comments?post=56"}],"version-history":[{"count":13,"href":"https:\/\/nowy.commplace.pl\/de\/wp-json\/wp\/v2\/pages\/56\/revisions"}],"predecessor-version":[{"id":10401,"href":"https:\/\/nowy.commplace.pl\/de\/wp-json\/wp\/v2\/pages\/56\/revisions\/10401"}],"wp:attachment":[{"href":"https:\/\/nowy.commplace.pl\/de\/wp-json\/wp\/v2\/media?parent=56"}],"curies":[{"name":"wp","href":"https:\/\/api.w.org\/{rel}","templated":true}]}}