{"id":9451,"date":"2025-03-18T11:55:58","date_gmt":"2025-03-18T10:55:58","guid":{"rendered":"https:\/\/commplace.pl\/?page_id=9451"},"modified":"2025-03-18T11:55:58","modified_gmt":"2025-03-18T10:55:58","slug":"klauzula-rodo","status":"publish","type":"page","link":"https:\/\/nowy.commplace.pl\/de\/klauzula-rodo\/","title":{"rendered":"RODO-Klausel"},"content":{"rendered":"<p><b>Commplace Gesellschaft mit beschr\u00e4nkter Haftung Kommanditgesellschaft, <\/b><span style=\"font-weight: 400;\">mit Sitz in der ul. Liczyrzepy 20, 58-564 Sosn\u00f3wka k. Karpacz, NIP: 6112803380, REGON: 384475412, vertreten durch: Sebastian Kopiej - Vorstandsvorsitzender, eingetragen beim Bezirksgericht Wroc\u0142aw-Fabryczna, IX. Wirtschaftsabteilung des Landesgerichtsregisters unter der KRS-Nummer: 0000804997;<\/span><\/p>\n<p><span style=\"font-weight: 400;\">Gem\u00e4\u00df Artikel 13 Absatz 1 und 2 der Verordnung (EU) 2016\/679 des Europ\u00e4ischen Parlaments und des Rates vom 27. April 2016 zum Schutz nat\u00fcrlicher Personen bei der Verarbeitung personenbezogener Daten, zum freien Datenverkehr und zur Aufhebung der Richtlinie 95\/46\/EG (Datenschutz-Grundverordnung), im Folgenden \"RODO\" genannt, teilt Commpalce Sp\u00f3\u0142ka z o.o. Sp. K. als Auftragnehmer\/Auftragnehmer\/Dienstleister teilt mit, dass:\u00a0<\/span><\/p>\n<ol>\n<li><span style=\"font-weight: 400;\">Der Verwalter der personenbezogenen Daten des Kunden, des Auftraggebers, ist Commplace Sp\u00f3\u0142ka z ograniczon\u0105 odpowiedzialno\u015bci\u0105 Sp\u00f3\u0142ka Komandytowa, eingetragen im: Bezirksgericht Wroc\u0142aw-Fabryczna, IX. Wirtschaftsabteilung des Landesgerichtsregisters unter der KRS-Nummer: 0000804997, mit Sitz in der ul. Liczyrzepy 20, 58-564 Sosn\u00f3wka k. Karpacz, NIP: 6112803380, REGON: 384475412;<\/span><\/li>\n<li><span style=\"font-weight: 400;\">In Fragen des Datenschutzes kann der Auftraggeber\/Auftragnehmer den Dienstleister des Auftragnehmers\/Auftragnehmers per E-Mail unter der folgenden Adresse kontaktieren: <\/span><a href=\"mailto:rodo@commplace.com.pl\"><span style=\"font-weight: 400;\">rodo@commplace.com.pl<\/span><\/a> <span style=\"font-weight: 400;\">oder auf dem Postweg an die Adresse des Sitzes des f\u00fcr die Verarbeitung Verantwortlichen,<\/span><\/li>\n<li style=\"font-weight: 400;\" aria-level=\"1\"><span style=\"font-weight: 400;\">Die personenbezogenen Daten des Kunden\/Auftragnehmers werden zum Zweck des Vertragsabschlusses und zur Erf\u00fcllung der sich aus dem Vertragsabschluss ergebenden rechtlichen Verpflichtungen des Verwalters gem\u00e4\u00df den Anforderungen des geltenden Rechts auf der Grundlage von Artikel 6 Absatz 1 Buchstaben b) und c) der DSGVO verarbeitet,<\/span><\/li>\n<li style=\"font-weight: 400;\" aria-level=\"1\"><span style=\"font-weight: 400;\">Die Daten des Kunden\/Bestellers k\u00f6nnen den mit dem Verwalter zusammenarbeitenden Stellen auf der Grundlage der abgeschlossenen Vertr\u00e4ge oder aufgrund gesetzlicher Vorschriften zur Verf\u00fcgung gestellt werden,<\/span><\/li>\n<li style=\"font-weight: 400;\" aria-level=\"1\"><span style=\"font-weight: 400;\">Die personenbezogenen Daten des Auftraggebers\/Auftragnehmers werden f\u00fcr die Dauer des Vertrages und nach dessen Beendigung gem\u00e4\u00df den Bestimmungen des allgemein geltenden Rechts aufbewahrt,<\/span><\/li>\n<li style=\"font-weight: 400;\" aria-level=\"1\"><span style=\"font-weight: 400;\">Der Empf\u00e4nger hat das Recht auf Auskunft \u00fcber den Inhalt seiner Daten und das Recht auf Berichtigung, L\u00f6schung, Einschr\u00e4nkung der Verarbeitung, das Recht auf Daten\u00fcbertragbarkeit und das Recht auf Widerspruch,<\/span><\/li>\n<li style=\"font-weight: 400;\" aria-level=\"1\"><span style=\"font-weight: 400;\">Der Auftragnehmer\/Auftragnehmer\/Dienstleister, aber auch der Auftraggeber\/Kunde haben das Recht, beim Pr\u00e4sidenten der Datenschutzbeh\u00f6rde eine Beschwerde einzureichen, wenn sie der Ansicht sind, dass die Verarbeitung personenbezogener Daten gegen die Bestimmungen der RODO verst\u00f6\u00dft.<\/span><\/li>\n<li style=\"font-weight: 400;\" aria-level=\"1\"><span style=\"font-weight: 400;\">Die Bereitstellung personenbezogener Daten durch den Kunden\/Auftraggeber an den Auftragnehmer\/Auftragnehmer\/Dienstleister ist freiwillig, aber f\u00fcr den Vertragsabschluss und die Aufnahme der Zusammenarbeit zwischen den Parteien erforderlich,<\/span><\/li>\n<li style=\"font-weight: 400;\" aria-level=\"1\"><span style=\"font-weight: 400;\">Die personenbezogenen Daten des Kunden\/Auftragnehmers werden nicht an Drittl\u00e4nder oder internationale Organisationen weitergegeben,<\/span><\/li>\n<li style=\"font-weight: 400;\" aria-level=\"1\"><span style=\"font-weight: 400;\">Die personenbezogenen Daten des Kunden\/Auftragnehmers werden nicht mit Hilfe automatisierter Verfahren, einschlie\u00dflich Profiling, verarbeitet.<\/span><\/li>\n<\/ol>","protected":false},"excerpt":{"rendered":"<p>Commplace Sp\u00f3\u0142ka z ograniczon\u0105 odpowiedzialno\u015bci\u0105 Sp\u00f3\u0142ka Komandytowa, mit Sitz in ul. Liczyrzepy 20, 58-564 Sosn\u00f3wka k. Karpacza, NIP: 6112803380, REGON: 384475412, vertreten durch: Sebastian Kopiej - Vorstandsvorsitzender, eingetragen beim Bezirksgericht Wroc\u0142aw-Fabryczna, IX. Wirtschaftsabteilung des Landesgerichtsregisters unter der KRS-Nummer: 0000804997; gem\u00e4\u00df Artikel 13 Absatz 1 und 2 der Verordnung des Parlaments [...].<\/p>","protected":false},"author":2,"featured_media":0,"parent":0,"menu_order":0,"comment_status":"closed","ping_status":"closed","template":"","meta":{"_acf_changed":false,"footnotes":""},"class_list":["post-9451","page","type-page","status-publish","hentry"],"acf":[],"yoast_head":"<!-- This site is optimized with the Yoast SEO plugin v26.8 - https:\/\/yoast.com\/product\/yoast-seo-wordpress\/ -->\n<title>Klauzula RODO - Commplace<\/title>\n<meta name=\"robots\" content=\"index, follow, max-snippet:-1, max-image-preview:large, max-video-preview:-1\" \/>\n<link rel=\"canonical\" href=\"https:\/\/nowy.commplace.pl\/de\/klauzula-rodo\/\" \/>\n<meta property=\"og:locale\" content=\"de_DE\" \/>\n<meta property=\"og:type\" content=\"article\" \/>\n<meta property=\"og:title\" content=\"Klauzula RODO - Commplace\" \/>\n<meta property=\"og:description\" content=\"Commplace Sp\u00f3\u0142ka z ograniczon\u0105 odpowiedzialno\u015bci\u0105 Sp\u00f3\u0142ka Komandytowa, z siedzib\u0105 przy ul. Liczyrzepy 20, 58-564 Sosn\u00f3wka k. Karpacza, NIP: 6112803380, REGON: 384475412, reprezentowan\u0105 przez: Sebastiana Kopiej \u2013 Prezesa Zarz\u0105du, zarejestrowan\u0105 w S\u0105dzie Rejonowym dla Wroc\u0142awia-Fabrycznej, IX Wydzia\u0142 Gospodarczy Krajowego Rejestru S\u0105dowego pod numerem KRS: 0000804997; Zgodnie z art. 13 ust. 1 i ust. 2 Rozporz\u0105dzenia Parlamentu [&hellip;]\" \/>\n<meta property=\"og:url\" content=\"https:\/\/nowy.commplace.pl\/de\/klauzula-rodo\/\" \/>\n<meta property=\"og:site_name\" content=\"Commplace\" \/>\n<meta name=\"twitter:card\" content=\"summary_large_image\" \/>\n<meta name=\"twitter:label1\" content=\"Gesch\u00e4tzte Lesezeit\" \/>\n\t<meta name=\"twitter:data1\" content=\"3\u00a0Minuten\" \/>\n<!-- \/ Yoast SEO plugin. -->","yoast_head_json":{"title":"RODO-Klausel - Commplace","robots":{"index":"index","follow":"follow","max-snippet":"max-snippet:-1","max-image-preview":"max-image-preview:large","max-video-preview":"max-video-preview:-1"},"canonical":"https:\/\/nowy.commplace.pl\/de\/klauzula-rodo\/","og_locale":"de_DE","og_type":"article","og_title":"Klauzula RODO - Commplace","og_description":"Commplace Sp\u00f3\u0142ka z ograniczon\u0105 odpowiedzialno\u015bci\u0105 Sp\u00f3\u0142ka Komandytowa, z siedzib\u0105 przy ul. Liczyrzepy 20, 58-564 Sosn\u00f3wka k. Karpacza, NIP: 6112803380, REGON: 384475412, reprezentowan\u0105 przez: Sebastiana Kopiej \u2013 Prezesa Zarz\u0105du, zarejestrowan\u0105 w S\u0105dzie Rejonowym dla Wroc\u0142awia-Fabrycznej, IX Wydzia\u0142 Gospodarczy Krajowego Rejestru S\u0105dowego pod numerem KRS: 0000804997; Zgodnie z art. 13 ust. 1 i ust. 2 Rozporz\u0105dzenia Parlamentu [&hellip;]","og_url":"https:\/\/nowy.commplace.pl\/de\/klauzula-rodo\/","og_site_name":"Commplace","twitter_card":"summary_large_image","twitter_misc":{"Gesch\u00e4tzte Lesezeit":"3\u00a0Minuten"},"schema":{"@context":"https:\/\/schema.org","@graph":[{"@type":"WebPage","@id":"https:\/\/nowy.commplace.pl\/de\/klauzula-rodo\/","url":"https:\/\/nowy.commplace.pl\/de\/klauzula-rodo\/","name":"RODO-Klausel - Commplace","isPartOf":{"@id":"https:\/\/nowy.commplace.pl\/de\/#website"},"datePublished":"2025-03-18T10:55:58+00:00","breadcrumb":{"@id":"https:\/\/nowy.commplace.pl\/de\/klauzula-rodo\/#breadcrumb"},"inLanguage":"de","potentialAction":[{"@type":"ReadAction","target":["https:\/\/nowy.commplace.pl\/de\/klauzula-rodo\/"]}]},{"@type":"BreadcrumbList","@id":"https:\/\/nowy.commplace.pl\/de\/klauzula-rodo\/#breadcrumb","itemListElement":[{"@type":"ListItem","position":1,"name":"Home","item":"https:\/\/nowy.commplace.pl\/"},{"@type":"ListItem","position":2,"name":"Klauzula RODO"}]},{"@type":"WebSite","@id":"https:\/\/nowy.commplace.pl\/de\/#website","url":"https:\/\/nowy.commplace.pl\/de\/","name":"Kommort","description":"PR-Agentur Breslau","potentialAction":[{"@type":"SearchAction","target":{"@type":"EntryPoint","urlTemplate":"https:\/\/nowy.commplace.pl\/de\/?s={search_term_string}"},"query-input":{"@type":"PropertyValueSpecification","valueRequired":true,"valueName":"search_term_string"}}],"inLanguage":"de"}]}},"_links":{"self":[{"href":"https:\/\/nowy.commplace.pl\/de\/wp-json\/wp\/v2\/pages\/9451","targetHints":{"allow":["GET"]}}],"collection":[{"href":"https:\/\/nowy.commplace.pl\/de\/wp-json\/wp\/v2\/pages"}],"about":[{"href":"https:\/\/nowy.commplace.pl\/de\/wp-json\/wp\/v2\/types\/page"}],"author":[{"embeddable":true,"href":"https:\/\/nowy.commplace.pl\/de\/wp-json\/wp\/v2\/users\/2"}],"replies":[{"embeddable":true,"href":"https:\/\/nowy.commplace.pl\/de\/wp-json\/wp\/v2\/comments?post=9451"}],"version-history":[{"count":1,"href":"https:\/\/nowy.commplace.pl\/de\/wp-json\/wp\/v2\/pages\/9451\/revisions"}],"predecessor-version":[{"id":9452,"href":"https:\/\/nowy.commplace.pl\/de\/wp-json\/wp\/v2\/pages\/9451\/revisions\/9452"}],"wp:attachment":[{"href":"https:\/\/nowy.commplace.pl\/de\/wp-json\/wp\/v2\/media?parent=9451"}],"curies":[{"name":"wp","href":"https:\/\/api.w.org\/{rel}","templated":true}]}}