{"id":133,"date":"2020-12-19T22:04:01","date_gmt":"2020-12-19T21:04:01","guid":{"rendered":"http:\/\/cp.devtold.pl\/?page_id=133"},"modified":"2023-01-25T11:41:41","modified_gmt":"2023-01-25T10:41:41","slug":"o-nas","status":"publish","type":"page","link":"https:\/\/nowy.commplace.pl\/en\/o-nas\/","title":{"rendered":"About Commplace"},"content":{"rendered":"","protected":false},"excerpt":{"rendered":"","protected":false},"author":2,"featured_media":0,"parent":0,"menu_order":10,"comment_status":"closed","ping_status":"closed","template":"tpl-about.php","meta":{"_acf_changed":false,"footnotes":""},"class_list":["post-133","page","type-page","status-publish","hentry"],"acf":[],"yoast_head":"<!-- This site is optimized with the Yoast SEO plugin v26.8 - https:\/\/yoast.com\/product\/yoast-seo-wordpress\/ -->\n<title>O Commplace - Agencja PR Commplace<\/title>\n<meta name=\"description\" content=\"25 lat do\u015bwiadcze\u0144. Wsparcie dla 300 marek. Ponad 1000 imprez. Autorskie rozwi\u0105zania w marketingu. Poznaj Commplace.\" \/>\n<meta name=\"robots\" content=\"index, follow, max-snippet:-1, max-image-preview:large, max-video-preview:-1\" \/>\n<link rel=\"canonical\" href=\"https:\/\/nowy.commplace.pl\/en\/o-nas\/\" \/>\n<meta property=\"og:locale\" content=\"en_GB\" \/>\n<meta property=\"og:type\" content=\"article\" \/>\n<meta property=\"og:title\" content=\"O Commplace - Agencja PR Commplace\" \/>\n<meta property=\"og:description\" content=\"25 lat do\u015bwiadcze\u0144. Wsparcie dla 300 marek. Ponad 1000 imprez. Autorskie rozwi\u0105zania w marketingu. Poznaj Commplace.\" \/>\n<meta property=\"og:url\" content=\"https:\/\/nowy.commplace.pl\/en\/o-nas\/\" \/>\n<meta property=\"og:site_name\" content=\"Commplace\" \/>\n<meta property=\"article:modified_time\" content=\"2023-01-25T10:41:41+00:00\" \/>\n<meta name=\"twitter:card\" content=\"summary_large_image\" \/>\n<!-- \/ Yoast SEO plugin. -->","yoast_head_json":{"title":"About Commplace - Agencja PR Commplace","description":"25 years of experience. Support for 300 brands. Over 1000 events. Proprietary solutions in marketing. Meet Commplace.","robots":{"index":"index","follow":"follow","max-snippet":"max-snippet:-1","max-image-preview":"max-image-preview:large","max-video-preview":"max-video-preview:-1"},"canonical":"https:\/\/nowy.commplace.pl\/en\/o-nas\/","og_locale":"en_GB","og_type":"article","og_title":"O Commplace - Agencja PR Commplace","og_description":"25 lat do\u015bwiadcze\u0144. Wsparcie dla 300 marek. Ponad 1000 imprez. Autorskie rozwi\u0105zania w marketingu. Poznaj Commplace.","og_url":"https:\/\/nowy.commplace.pl\/en\/o-nas\/","og_site_name":"Commplace","article_modified_time":"2023-01-25T10:41:41+00:00","twitter_card":"summary_large_image","schema":{"@context":"https:\/\/schema.org","@graph":[{"@type":"WebPage","@id":"https:\/\/nowy.commplace.pl\/en\/o-nas\/","url":"https:\/\/nowy.commplace.pl\/en\/o-nas\/","name":"About Commplace - Agencja PR Commplace","isPartOf":{"@id":"https:\/\/nowy.commplace.pl\/en\/#website"},"datePublished":"2020-12-19T21:04:01+00:00","dateModified":"2023-01-25T10:41:41+00:00","description":"25 years of experience. Support for 300 brands. Over 1000 events. Proprietary solutions in marketing. Meet Commplace.","breadcrumb":{"@id":"https:\/\/nowy.commplace.pl\/en\/o-nas\/#breadcrumb"},"inLanguage":"en-GB","potentialAction":[{"@type":"ReadAction","target":["https:\/\/nowy.commplace.pl\/en\/o-nas\/"]}]},{"@type":"BreadcrumbList","@id":"https:\/\/nowy.commplace.pl\/en\/o-nas\/#breadcrumb","itemListElement":[{"@type":"ListItem","position":1,"name":"Home","item":"https:\/\/nowy.commplace.pl\/"},{"@type":"ListItem","position":2,"name":"O Commplace"}]},{"@type":"WebSite","@id":"https:\/\/nowy.commplace.pl\/en\/#website","url":"https:\/\/nowy.commplace.pl\/en\/","name":"Commplace","description":"PR agency Wroc\u0142aw","potentialAction":[{"@type":"SearchAction","target":{"@type":"EntryPoint","urlTemplate":"https:\/\/nowy.commplace.pl\/en\/?s={search_term_string}"},"query-input":{"@type":"PropertyValueSpecification","valueRequired":true,"valueName":"search_term_string"}}],"inLanguage":"en-GB"}]}},"_links":{"self":[{"href":"https:\/\/nowy.commplace.pl\/en\/wp-json\/wp\/v2\/pages\/133","targetHints":{"allow":["GET"]}}],"collection":[{"href":"https:\/\/nowy.commplace.pl\/en\/wp-json\/wp\/v2\/pages"}],"about":[{"href":"https:\/\/nowy.commplace.pl\/en\/wp-json\/wp\/v2\/types\/page"}],"author":[{"embeddable":true,"href":"https:\/\/nowy.commplace.pl\/en\/wp-json\/wp\/v2\/users\/2"}],"replies":[{"embeddable":true,"href":"https:\/\/nowy.commplace.pl\/en\/wp-json\/wp\/v2\/comments?post=133"}],"version-history":[{"count":192,"href":"https:\/\/nowy.commplace.pl\/en\/wp-json\/wp\/v2\/pages\/133\/revisions"}],"predecessor-version":[{"id":6383,"href":"https:\/\/nowy.commplace.pl\/en\/wp-json\/wp\/v2\/pages\/133\/revisions\/6383"}],"wp:attachment":[{"href":"https:\/\/nowy.commplace.pl\/en\/wp-json\/wp\/v2\/media?parent=133"}],"curies":[{"name":"wp","href":"https:\/\/api.w.org\/{rel}","templated":true}]}}