{"id":3,"date":"2020-12-15T00:18:47","date_gmt":"2020-12-14T23:18:47","guid":{"rendered":"http:\/\/cp.devtold.pl\/?page_id=3"},"modified":"2023-12-06T11:24:18","modified_gmt":"2023-12-06T10:24:18","slug":"polityka-prywatnosci","status":"publish","type":"page","link":"https:\/\/nowy.commplace.pl\/en\/polityka-prywatnosci\/","title":{"rendered":"Privacy Policy and Terms of Service"},"content":{"rendered":"<h2 class=\"wp-block-heading\">Who is the administrator of your personal data?<\/h2>\r\n<p><span style=\"font-weight: 400;\">The administrator, i.e. the entity deciding how your personal data will be used, is Commplace Sp. z o. o. Sp. k. with headquarters in Sosn\u00f3wka at ul. Liczyrzepy 20 (hereinafter &quot;We&quot;, &quot;Commplace&quot; or &quot;Company&quot;) the operator of the website available at www.commplace.pl (hereinafter &quot;Commplace&quot;).<\/span><\/p>\r\n<p>&nbsp;<\/p>\r\n<h2>How to contact us for more information on the processing of your personal data?<\/h2>\r\n<p><span style=\"font-weight: 400;\">Write to the personal data inspector appointed by us. Here are his contact details:<\/span><\/p>\r\n<p><span style=\"font-weight: 400;\">e-mail address: kontakt@commplace.com.pl<\/span><\/p>\r\n<p><span style=\"font-weight: 400;\">postal address: Inspektor Ochrony Danych Commplace Sp. z o. o. Sp. K., ul. Liczyrzepy 20, 58-564 Sosn\u00f3wka.<\/span><\/p>\r\n<p>&nbsp;<\/p>\r\n<h2>Where do we get your data from?<\/h2>\r\n<p><span style=\"font-weight: 400;\">We received them from you in connection with inquiries about Commplace services made by you or your relatives.<\/span><\/p>\r\n<p>&nbsp;<\/p>\r\n<h2><b>What is the purpose and legal basis for the processing of your personal data by Commplace?<\/b><\/h2>\r\n<p><span style=\"font-weight: 400;\">We can process your personal data because it is necessary for correspondence, provision of services and \/ or performance of the contract concluded with you without the need to register and have a Commplace account, including:<\/span><\/p>\r\n<ul>\r\n<li><span style=\"font-weight: 400;\"> enabling the provision of services by electronic means and the use of the Commplace website, including transactions and payments for goods sold by Commplace<\/span><\/li>\r\n<li><span style=\"font-weight: 400;\"> providing transaction support and solving technical problems;<\/span><\/li>\r\n<li><span style=\"font-weight: 400;\"> performance of contracts concluded under the sales contract with other Commplace users;<\/span><\/li>\r\n<li><span style=\"font-weight: 400;\"> handling complaints in Commplace when you submit such a complaint;<\/span><\/li>\r\n<li><span style=\"font-weight: 400;\"> handling your requests that you address to us (e.g. via the contact form); contacting you,<\/span><\/li>\r\n<\/ul>\r\n<p><span style=\"font-weight: 400;\">including for purposes related to the provision of services, answering inquiries;<\/span><\/p>\r\n<ul>\r\n<li><span style=\"font-weight: 400;\"> the purpose of sending marketing content to you by the Company in a manner for which you have consented - the legal basis for the processing of personal data is the legitimate interest of the Company (Article 6 (1) (f) of the GDPR; the legitimate interest of the Company consists in sending you marketing content by e-mail during the period of providing services to you by e-mail and, additionally, in a manner for which you have consented.<\/span><\/li>\r\n<\/ul>\r\n<p><span style=\"font-weight: 400;\">\u00a0<\/span><span style=\"font-weight: 400;\">In addition, the law requires us to process your data for tax purposes <\/span><span style=\"font-weight: 400;\">and accounting. We also process your personal data for the purposes indicated below, based on the legitimate Interest of Commplace, which is:<\/span><\/p>\r\n<ul>\r\n<li><span style=\"font-weight: 400;\"> providing payment services;<\/span><\/li>\r\n<li><span style=\"font-weight: 400;\"> ensuring the security of the services we provide you electronically, incl <\/span>enforcing compliance with Commplace&#039;s internal rules and preventing fraud and abuse <span>and ensuring security;<\/span><\/li>\r\n<\/ul>\r\n<ul>\r\n<li><span style=\"font-weight: 400;\"> conducting Commplace research and analysis, including in terms of the functionality of this trading platform, improving the operation of services or estimating the main interests and needs of visitors;<\/span><\/li>\r\n<li><span style=\"font-weight: 400;\"> handling your requests, in particular, provided to the user service department and via the contact form in a situation where they are not directly related to the performance of the contract;<\/span><\/li>\r\n<li><span style=\"font-weight: 400;\"> debt collection; conducting court, arbitration and mediation proceedings;<\/span><\/li>\r\n<li><span style=\"font-weight: 400;\"> conducting statistical analyzes;<\/span><\/li>\r\n<li><span style=\"font-weight: 400;\"> storing data for archival purposes, and ensuring accountability (demonstrating compliance by <\/span>us obligations under the law).<\/li>\r\n<\/ul>\r\n<p><span style=\"font-weight: 400;\">\u00a0<\/span><span style=\"font-weight: 400;\">On the basis of and only if you give your consent, the Company processes your personal data for the purpose of:<\/span><\/p>\r\n<ul>\r\n<li><span style=\"font-weight: 400;\"> saving data in cookies and collecting data from websites and mobile applications.<\/span><\/li>\r\n<\/ul>\r\n<p><span style=\"font-weight: 400;\">\u00a0<\/span><\/p>\r\n<h2>Do you need to provide us with your personal data?<\/h2>\r\n<p><span style=\"font-weight: 400;\">The company requires you to provide your e-mail address to be able to conclude and perform the contract concluded with you,<\/span><\/p>\r\n<p><span style=\"font-weight: 400;\">In connection with each transaction you make on Commplace without prior registration. If for some reason you do not provide this personal data, unfortunately we will not be able to conclude a contract with you, respond to inquiries, and consequently you will not be able to use Commplace services in the manner described in the preceding sentence.<\/span><\/p>\r\n<p><span style=\"font-weight: 400;\">If required by law, we may require you to provide other data necessary, e.g. for accounting or tax reasons. In the remaining scope, providing your data is voluntary.<\/span><\/p>\r\n<p><span style=\"font-weight: 400;\">\u00a0<\/span><\/p>\r\n<h2>What are your rights to Commplace regarding the processed data?<\/h2>\r\n<p><span style=\"font-weight: 400;\">We guarantee the fulfillment of all your rights under the general data protection regulation, i.e. the right to access, rectify and delete your data, limit their processing, the right to transfer them, not to be subject to automated decision making, including profiling, and the right to object to the processing of your data. personal data.<\/span><\/p>\r\n<p><span style=\"font-weight: 400;\">\u00a0<\/span><span style=\"font-weight: 400;\">You can exercise these permissions when:<\/span><\/p>\r\n<ul>\r\n<li><span style=\"font-weight: 400;\"> regarding the request for data rectification: you will notice that your data is incorrect or incomplete;<\/span><\/li>\r\n<li><span style=\"font-weight: 400;\"> in relation to the request to delete data: your data will no longer be necessary for the purposes for which they were <\/span>collected by the Company; you will withdraw your consent to the processing of data; you object to the processing of your data; Your data will be processed unlawfully; the data should be deleted in order to fulfill the obligation resulting from the law or the data has been collected in connection with the provision of electronic services offered to the child;<\/li>\r\n<\/ul>\r\n<ul>\r\n<li><span style=\"font-weight: 400;\"> in relation to the request to limit the processing of data: you will notice that your data is incorrect - you can request the restriction of the processing of your data for a period that allows us to check the correctness of this data; Your data will be unlawfully processed, but you will not want it to be deleted; Your data will no longer be needed for us, but you may need it to defend or pursue claims; or you object to the processing of data - until it is determined whether the legitimate grounds on our side override the grounds for objection;<\/span><\/li>\r\n<li><span style=\"font-weight: 400;\"> in relation to a request for data transfer: the processing of your data takes place on the basis of your consent or a contract concluded with you and this processing is carried out automatically.<\/span><\/li>\r\n<\/ul>\r\n<p><span style=\"font-weight: 400;\">\u00a0<\/span><span style=\"font-weight: 400;\">You have the right to lodge a complaint regarding the processing of your personal data by us to the supervisory body, which is the Inspector General for Personal Data Protection (address: Inspector General for Personal Data Protection, ul. Stawki 2, 00-193 Warsaw).<\/span><\/p>\r\n<p><span style=\"font-weight: 400;\">\u00a0<\/span><\/p>\r\n<h2>In what situations can you object to the processing of your data?<\/h2>\r\n<p><span style=\"font-weight: 400;\">You have the right to object to the processing of your personal data when their processing is based on a legitimate interest or for statistical purposes, and the objection is justified by the specific situation in which you have found yourself.<\/span><\/p>\r\n<p><span style=\"font-weight: 400;\">\u00a0<\/span><\/p>\r\n<h2>Who do we share your personal data with?<\/h2>\r\n<p><span style=\"font-weight: 400;\">The Company may share your personal data with entities supporting the Company in the provision of electronic services, i.e. those that provide payment services, perform accounting services, service quality research, debt recovery, legal, analytical, marketing, consulting or auditing services. The company may transfer your personal data to public authorities fighting against fraud and abuse.<\/span><\/p>\r\n<p><span style=\"font-weight: 400;\">\u00a0<\/span><\/p>\r\n<h2>How long do we keep your personal data?<\/h2>\r\n<p><span style=\"font-weight: 400;\">The company stores your personal data in connection with your transaction with Commplace without prior registration, for the time necessary to carry out a given transaction and for the period in which it is possible to pursue claims in connection with the performance of the contract concluded as a result of the transaction, maximum 3.5 one year from the date of the transaction.<\/span><\/p>\r\n<p><span style=\"font-weight: 400;\">In the case of personal data processed for the purpose of sending marketing content to you by the Company - until you object to the processing of personal data in this regard.<\/span><\/p>\r\n<p><span style=\"font-weight: 400;\">In addition, data may be stored by us for the purposes of preventing abuse and fraud, <\/span><span style=\"font-weight: 400;\">for statistical and archiving purposes for a period of 10 years from the date of termination of the contract <\/span><span style=\"font-weight: 400;\">or an event necessitating such processing.<\/span><\/p>\r\n<p><span style=\"font-weight: 400;\">At the same time, for the sake of accountability, we will store data for the period in which Commplace is obliged to keep data or documents containing them to document the fulfillment of legal requirements, including enabling the control of their fulfillment by public authorities.<\/span><\/p>\r\n<p><span style=\"font-weight: 400;\">\u00a0<\/span><\/p>\r\n<h2>Do we transfer your data to countries outside the European Economic Area?<\/h2>\r\n<p><span style=\"font-weight: 400;\">Your personal data will not be transferred outside the European Economic Area to Google LLC. And if it should happen in the future, you will be informed in advance and the transfer will take place based on appropriate legal safeguards, which are standard contractual clauses for the protection of personal data, approved by the European Commission.<\/span><\/p>\r\n<p><span style=\"font-weight: 400;\">\u00a0<\/span><\/p>\r\n<h2>Do we process your personal data automatically (including through profiling) in a way that affects your rights?<\/h2>\r\n<p><span style=\"font-weight: 400;\">Your personal data will be processed in an automated manner (including in the form of profiling), however, it will not have any legal effects on you or similarly significantly affect your situation.<\/span><\/p>\r\n<p><span style=\"font-weight: 400;\">Profiling personal data by Commplace consists in the processing of your data (also in an automated manner), by using them to evaluate certain information about you, in particular to analyze or forecast personal preferences and interests.<\/span><\/p>\r\n<p>By using our website or any part of it, you consent to the terms and conditions set out in the Privacy Policy and Terms of Service.<\/p>\r\n<ol>\r\n<li><span style=\"font-weight: 400;\"> Each person using our website is subject to the current Privacy Policy and Terms of Use.<\/span><\/li>\r\n<li><span style=\"font-weight: 400;\"> We reserve the right to make changes to the Privacy Policy and Terms of Service.<\/span><\/li>\r\n<li><span style=\"font-weight: 400;\"> For other questions related to the privacy policy, please send e-mails to the following address: kontakt@commplace.com.pl<\/span><\/li>\r\n<li><span style=\"font-weight: 400;\"> Our website is available at: www.commplace.pl<\/span><\/li>\r\n<li><span style=\"font-weight: 400;\"> If you do not agree with the Privacy Policy and Terms of Use, please do not visit our website and subscribe to the newsletter.<\/span><\/li>\r\n<\/ol>\r\n<h2>privacy policy<\/h2>\r\n<h3>Commitment<\/h3>\r\n<ol>\r\n<li><span style=\"font-weight: 400;\"> Commplace Sp. z o. o. Sp. k. is committed to respecting your privacy.<\/span><\/li>\r\n<li><span style=\"font-weight: 400;\"> Commplace Sp. z o. o. Sp. k. limits the use and collection of information about our clients to the necessary minimum.<\/span><\/li>\r\n<li><span style=\"font-weight: 400;\"> Commplace Sp. z o. o. Sp. k. makes every effort to properly secure all personal data entrusted to us.<\/span><\/li>\r\n<li><span style=\"font-weight: 400;\"> The website is provided with security measures to protect the data under our control against disclosure, loss, misuse and modification.<\/span><\/li>\r\n<li><span style=\"font-weight: 400;\"> Only a limited number of authorized employees have access to the data of newsletter subscribers.<\/span><\/li>\r\n<\/ol>\r\n<h3>Personal data<\/h3>\r\n<ol>\r\n<li><span style=\"font-weight: 400;\"> Personal data is data used to identify a specific person: name and surname, home address or other mailing address, e-mail address or other information enabling contact with a given person.<\/span><\/li>\r\n<li><span style=\"font-weight: 400;\"> When using our website, you may be asked to provide some of your personal data by filling out a form or otherwise.<\/span><\/li>\r\n<li><span style=\"font-weight: 400;\"> The data you will be asked for are in most cases your name and e-mail address.<\/span><\/li>\r\n<li><span style=\"font-weight: 400;\"> In the case of order forms, reservations, surveys, contests, etc., you will be asked to provide full personal data.<\/span><\/li>\r\n<li><span style=\"font-weight: 400;\"> Failure to provide the required data will block the activity that the data related to.<\/span><\/li>\r\n<li><span style=\"font-weight: 400;\"> Data of customers \/ website users may be presented collectively to our Partners, Customers and Suppliers - without the possibility of processing and sharing them. We do not sell personal or address data to third parties.<\/span><\/li>\r\n<li><span style=\"font-weight: 400;\"> Customer contact information may be used to make contact with them when necessary.<\/span><\/li>\r\n<\/ol>\r\n<h3>Subscription to the free newsletter: (if available)<\/h3>\r\n<ol>\r\n<li><span style=\"font-weight: 400;\"> Subscribing to the electronic newsletter is free.<\/span><\/li>\r\n<li><span style=\"font-weight: 400;\"> Subscribing to the electronic newsletter requires entering your name and e-mail address in the appropriate form.<\/span><\/li>\r\n<li><span style=\"font-weight: 400;\"> The newsletter contains information about current promotional campaigns, special offers, news, competitions and other Commplace events.<\/span><\/li>\r\n<li><span style=\"font-weight: 400;\"> Users have the option to opt out of receiving e-mails from us.<\/span><\/li>\r\n<li><span style=\"font-weight: 400;\"> To unsubscribe from the newsletter, simply click the &quot;Unsubscribe&quot; button in each of the newsletters sent to you.<\/span><\/li>\r\n<\/ol>\r\n<h3>Explicit Personal Data:<\/h3>\r\n<ol>\r\n<li><span style=\"font-weight: 400;\"> Personal data provided when posting comments on articles or other parts of the website (e.g. forum, guest book, etc.) are available to all visitors to these pages.<\/span><\/li>\r\n<li><span style=\"font-weight: 400;\"> Therefore, these data are not subject to the Privacy Policy.<\/span><\/li>\r\n<li><span style=\"font-weight: 400;\"> This data can be used to send you unspecified information by other users of our website.<\/span><\/li>\r\n<li><span style=\"font-weight: 400;\"> The Privacy Policy does not apply to the websites and companies of the Partners whose contact details are provided on the website.<\/span><\/li>\r\n<\/ol>\r\n<h3>Cookies and other identification technologies:<\/h3>\r\n<ol>\r\n<li><span style=\"font-weight: 400;\"> Some areas of the website may use cookies and other identification technologies.<\/span><\/li>\r\n<li><span style=\"font-weight: 400;\"> Cookies, i.e. small text files sent to the internet user&#039;s computer, identifying it in a way necessary to simplify or cancel a given operation. They are also used to collect information about the activity on a given website, or to retrieve personal data previously provided by the website user.<\/span><\/li>\r\n<li><span style=\"font-weight: 400;\"> Commplace Sp. z o. o. Sp. k. uses users&#039; IP addresses to diagnose problems related to the operation of our server, to analyze security breaches and to manage our website.<\/span><\/li>\r\n<li><span style=\"font-weight: 400;\"> Most browsers allow you to control the use of &quot;cookies&quot;, including determining whether they are to be received and the method of their removal.<\/span><\/li>\r\n<li><span style=\"font-weight: 400;\"> Most browsers can be set to notify you when a &quot;cookie&quot; has arrived; you can also choose to block cookies.<\/span><\/li>\r\n<li><span style=\"font-weight: 400;\"> The condition for cookies to work is their acceptance by the browser and not removing them from the computer&#039;s hard drive.<\/span><\/li>\r\n<\/ol>\r\n<h3>Rules for minors<\/h3>\r\n<ol>\r\n<li><span style=\"font-weight: 400;\"> Our website is not intended for children.<\/span><\/li>\r\n<li><span style=\"font-weight: 400;\"> Commplace Sp. z o. o. Sp. k. does not monitor or verify information on the age of its subscribers.<\/span><\/li>\r\n<li><span style=\"font-weight: 400;\"> Minors should not send any information or subscribe to the newsletter without the knowledge of their parents or guardians.<\/span><\/li>\r\n<li><span style=\"font-weight: 400;\"> We do not intend to collect personal data from persons under the age of 18.<\/span><\/li>\r\n<\/ol>\r\n<h3>Rules for using the Commplace website<\/h3>\r\n<ol>\r\n<li><span style=\"font-weight: 400;\"> The owner of this website is Commplace Sp. z o. o. Sp. k.<\/span><\/li>\r\n<li><span style=\"font-weight: 400;\"> All rights to the entire content of the website are reserved.<\/span><\/li>\r\n<li><span style=\"font-weight: 400;\"> The User has the right to download and print fragments of the website for private purposes, provided that the copyrights and rights of trademarks belonging to Commplace or other entities are not infringed.<\/span><\/li>\r\n<li><span style=\"font-weight: 400;\"> No part of the website may be copied in whole or in part for commercial purposes, transmitted electronically or otherwise, modified, linked or used without the prior written consent of Commplace Sp. z o. o. Sp. k.<\/span><\/li>\r\n<li><span style=\"font-weight: 400;\"> Commplace Sp. z o. o. Sp. k. will make efforts to keep the information posted on its website up-to-date, but does not undertake the necessity to constantly update all data.<\/span><\/li>\r\n<li><span style=\"font-weight: 400;\"> Commplace Sp. z o. o. Sp. k. is not responsible for the accuracy and timeliness of the information contained in our website.<\/span><\/li>\r\n<li><span style=\"font-weight: 400;\"> Commplace Sp. z o. o. Sp. k. reserves the right to make changes to some or all of the website without prior notice.<\/span><\/li>\r\n<li><span style=\"font-weight: 400;\"> The risk related to the use and use of information contained on the website is borne by the user himself.<\/span><\/li>\r\n<\/ol>\r\n<h2><br \/><br \/><\/h2>","protected":false},"excerpt":{"rendered":"<p>Who is the administrator of your personal data? The administrator, i.e. the entity deciding how your personal data will be used, is Commplace Sp. z o. o. Sp. k. with headquarters in Sosn\u00f3wka at ul. Liczyrzepy 20 (hereinafter &quot;We&quot;, &quot;Commplace&quot; or &quot;Company&quot;) the operator of the website available at www.commplace.pl (hereinafter &quot;Commplace&quot;). How to contact us to obtain [...]<\/p>","protected":false},"author":1,"featured_media":0,"parent":0,"menu_order":11,"comment_status":"closed","ping_status":"closed","template":"","meta":{"_acf_changed":false,"footnotes":""},"class_list":["post-3","page","type-page","status-publish","hentry"],"acf":[],"yoast_head":"<!-- This site is optimized with the Yoast SEO plugin v26.8 - https:\/\/yoast.com\/product\/yoast-seo-wordpress\/ -->\n<title>Polityka prywatno\u015bci i Zasady u\u017cytkowania serwisu - Commplace<\/title>\n<meta name=\"robots\" content=\"noindex, nofollow\" \/>\n<meta property=\"og:locale\" content=\"en_GB\" \/>\n<meta property=\"og:type\" content=\"article\" \/>\n<meta property=\"og:title\" content=\"Polityka prywatno\u015bci i Zasady u\u017cytkowania serwisu - Commplace\" \/>\n<meta property=\"og:description\" content=\"Kto jest administratorem Twoich danych osobowych? Administratorem, czyli podmiotem decyduj\u0105cym o tym, jak b\u0119d\u0105 wykorzystywane Twoje dane osobowe, jest Commplace Sp. z o.o. Sp. k,. z siedzib\u0105 w Sosn\u00f3wce przy ul. Liczyrzepy 20\u00a0 (dalej \u201eMy\u201d, \u201eCommplace\u201d albo \u201eSp\u00f3\u0142ka\u201d) operator internetowej strony\u00a0 dost\u0119pnej pod adresem www.commplace.pl (dalej \u201eCommplace\u201d). &nbsp; Jak si\u0119 z nami skontaktowa\u0107, \u017ceby uzyska\u0107 [&hellip;]\" \/>\n<meta property=\"og:url\" content=\"https:\/\/nowy.commplace.pl\/en\/polityka-prywatnosci\/\" \/>\n<meta property=\"og:site_name\" content=\"Commplace\" \/>\n<meta property=\"article:modified_time\" content=\"2023-12-06T10:24:18+00:00\" \/>\n<meta name=\"twitter:card\" content=\"summary_large_image\" \/>\n<meta name=\"twitter:label1\" content=\"Estimated reading time\" \/>\n\t<meta name=\"twitter:data1\" content=\"13 minutes\" \/>\n<!-- \/ Yoast SEO plugin. -->","yoast_head_json":{"title":"Privacy Policy and Terms of Service - Commplace","robots":{"index":"noindex","follow":"nofollow"},"og_locale":"en_GB","og_type":"article","og_title":"Polityka prywatno\u015bci i Zasady u\u017cytkowania serwisu - Commplace","og_description":"Kto jest administratorem Twoich danych osobowych? Administratorem, czyli podmiotem decyduj\u0105cym o tym, jak b\u0119d\u0105 wykorzystywane Twoje dane osobowe, jest Commplace Sp. z o.o. Sp. k,. z siedzib\u0105 w Sosn\u00f3wce przy ul. Liczyrzepy 20\u00a0 (dalej \u201eMy\u201d, \u201eCommplace\u201d albo \u201eSp\u00f3\u0142ka\u201d) operator internetowej strony\u00a0 dost\u0119pnej pod adresem www.commplace.pl (dalej \u201eCommplace\u201d). &nbsp; Jak si\u0119 z nami skontaktowa\u0107, \u017ceby uzyska\u0107 [&hellip;]","og_url":"https:\/\/nowy.commplace.pl\/en\/polityka-prywatnosci\/","og_site_name":"Commplace","article_modified_time":"2023-12-06T10:24:18+00:00","twitter_card":"summary_large_image","twitter_misc":{"Estimated reading time":"13 minutes"},"schema":{"@context":"https:\/\/schema.org","@graph":[{"@type":"WebPage","@id":"https:\/\/nowy.commplace.pl\/en\/polityka-prywatnosci\/","url":"https:\/\/nowy.commplace.pl\/en\/polityka-prywatnosci\/","name":"Privacy Policy and Terms of Service - Commplace","isPartOf":{"@id":"https:\/\/nowy.commplace.pl\/en\/#website"},"datePublished":"2020-12-14T23:18:47+00:00","dateModified":"2023-12-06T10:24:18+00:00","breadcrumb":{"@id":"https:\/\/nowy.commplace.pl\/en\/polityka-prywatnosci\/#breadcrumb"},"inLanguage":"en-GB","potentialAction":[{"@type":"ReadAction","target":["https:\/\/nowy.commplace.pl\/en\/polityka-prywatnosci\/"]}]},{"@type":"BreadcrumbList","@id":"https:\/\/nowy.commplace.pl\/en\/polityka-prywatnosci\/#breadcrumb","itemListElement":[{"@type":"ListItem","position":1,"name":"Home","item":"https:\/\/nowy.commplace.pl\/"},{"@type":"ListItem","position":2,"name":"Polityka prywatno\u015bci i Zasady u\u017cytkowania serwisu"}]},{"@type":"WebSite","@id":"https:\/\/nowy.commplace.pl\/en\/#website","url":"https:\/\/nowy.commplace.pl\/en\/","name":"Commplace","description":"PR agency Wroc\u0142aw","potentialAction":[{"@type":"SearchAction","target":{"@type":"EntryPoint","urlTemplate":"https:\/\/nowy.commplace.pl\/en\/?s={search_term_string}"},"query-input":{"@type":"PropertyValueSpecification","valueRequired":true,"valueName":"search_term_string"}}],"inLanguage":"en-GB"}]}},"_links":{"self":[{"href":"https:\/\/nowy.commplace.pl\/en\/wp-json\/wp\/v2\/pages\/3","targetHints":{"allow":["GET"]}}],"collection":[{"href":"https:\/\/nowy.commplace.pl\/en\/wp-json\/wp\/v2\/pages"}],"about":[{"href":"https:\/\/nowy.commplace.pl\/en\/wp-json\/wp\/v2\/types\/page"}],"author":[{"embeddable":true,"href":"https:\/\/nowy.commplace.pl\/en\/wp-json\/wp\/v2\/users\/1"}],"replies":[{"embeddable":true,"href":"https:\/\/nowy.commplace.pl\/en\/wp-json\/wp\/v2\/comments?post=3"}],"version-history":[{"count":8,"href":"https:\/\/nowy.commplace.pl\/en\/wp-json\/wp\/v2\/pages\/3\/revisions"}],"predecessor-version":[{"id":8052,"href":"https:\/\/nowy.commplace.pl\/en\/wp-json\/wp\/v2\/pages\/3\/revisions\/8052"}],"wp:attachment":[{"href":"https:\/\/nowy.commplace.pl\/en\/wp-json\/wp\/v2\/media?parent=3"}],"curies":[{"name":"wp","href":"https:\/\/api.w.org\/{rel}","templated":true}]}}