{"id":9451,"date":"2025-03-18T11:55:58","date_gmt":"2025-03-18T10:55:58","guid":{"rendered":"https:\/\/commplace.pl\/?page_id=9451"},"modified":"2025-03-18T11:55:58","modified_gmt":"2025-03-18T10:55:58","slug":"klauzula-rodo","status":"publish","type":"page","link":"https:\/\/nowy.commplace.pl\/en\/klauzula-rodo\/","title":{"rendered":"RODO clause"},"content":{"rendered":"<p><b>Commplace Limited Liability Company Limited Partnership, <\/b><span style=\"font-weight: 400;\">with its registered office at ul. Liczyrzepy 20, 58-564 Sosn\u00f3wka k. Karpacz, NIP: 6112803380, REGON: 384475412, represented by: Sebastian Kopiej - President of the Management Board, registered in the District Court for Wroc\u0142aw-Fabryczna, IX Economic Division of the National Court Register under the KRS number: 0000804997;<\/span><\/p>\n<p><span style=\"font-weight: 400;\">Pursuant to Article 13(1) and (2) of Regulation (EU) 2016\/679 of the European Parliament and of the Council of 27 April 2016 on the protection of natural persons with regard to the processing of personal data and on the free movement of such data and repealing Directive 95\/46\/EC (General Data Protection Regulation), hereinafter referred to as \"RODO\" in Commpalce Sp\u00f3\u0142ka z o.o. Sp. K. as Contractor\/Contractor\/Service Provider informs that:\u00a0<\/span><\/p>\n<ol>\n<li><span style=\"font-weight: 400;\">The administrator of the personal data of the Customer, the Ordering Party is Commplace Sp\u00f3\u0142ka z ograniczon\u0105 odpowiedzialno\u015bci\u0105 Sp\u00f3\u0142ka Komandytowa, registered in: District Court for Wroc\u0142aw-Fabryczna, IX Economic Division of the National Court Register under KRS number: 0000804997, with its registered office at ul. Liczyrzepy 20, 58-564 Sosn\u00f3wka k. Karpacz, NIP: 6112803380, REGON: 384475412;<\/span><\/li>\n<li><span style=\"font-weight: 400;\">In matters relating to data protection, the Client\/Contractor may contact the Contractor\/Contractor's Service Provider by e-mail at the following address: <\/span><a href=\"mailto:rodo@commplace.com.pl\"><span style=\"font-weight: 400;\">rodo@commplace.com.pl<\/span><\/a> <span style=\"font-weight: 400;\">or by post at the address of the data controller's registered office,<\/span><\/li>\n<li style=\"font-weight: 400;\" aria-level=\"1\"><span style=\"font-weight: 400;\">The personal data of the Customer\/Contractor will be processed for the purpose of concluding the Agreement and fulfilling the Administrator's legal obligations arising from the conclusion of the said Agreement in accordance with the requirements of current law, on the basis of Article 6(1)(b) and (c) of the RODO,<\/span><\/li>\n<li style=\"font-weight: 400;\" aria-level=\"1\"><span style=\"font-weight: 400;\">The Customer's\/Orderer's data may be made available to entities cooperating with the Administrator on the basis of contracts concluded or when this results from legal regulations,<\/span><\/li>\n<li style=\"font-weight: 400;\" aria-level=\"1\"><span style=\"font-weight: 400;\">The personal data of the Customer\/Contractor will be stored for the duration of the Contract and after its termination in accordance with the provisions of generally applicable law in this regard,<\/span><\/li>\n<li style=\"font-weight: 400;\" aria-level=\"1\"><span style=\"font-weight: 400;\">The recipient has the right of access to the content of his\/her data and the right to rectification, erasure, restriction of processing, the right to data portability, the right to object,<\/span><\/li>\n<li style=\"font-weight: 400;\" aria-level=\"1\"><span style=\"font-weight: 400;\">The Contractor\/Contractor\/Service Provider but also the Client\/Customer have the right to lodge a complaint with the President of the Data Protection Authority if they consider that the processing of personal data violates the provisions of the RODO.<\/span><\/li>\n<li style=\"font-weight: 400;\" aria-level=\"1\"><span style=\"font-weight: 400;\">The provision of personal data by the Customer\/Ordering Party to the Contractor\/Contractor\/Service Provider is voluntary, but necessary for the conclusion of the Contract and the commencement of the cooperation between the parties,<\/span><\/li>\n<li style=\"font-weight: 400;\" aria-level=\"1\"><span style=\"font-weight: 400;\">The personal data of the Customer\/Contractor will not be transferred to third countries or international organisations,<\/span><\/li>\n<li style=\"font-weight: 400;\" aria-level=\"1\"><span style=\"font-weight: 400;\">The personal data of the Customer\/Contractor will not be processed by automated means, including profiling.<\/span><\/li>\n<\/ol>","protected":false},"excerpt":{"rendered":"<p>Commplace Sp\u00f3\u0142ka z ograniczon\u0105 odpowiedzialno\u015bci\u0105 Sp\u00f3\u0142ka Komandytowa, with its registered office at ul. Liczyrzepy 20, 58-564 Sosn\u00f3wka k. Karpacza, NIP: 6112803380, REGON: 384475412, represented by: Sebastian Kopiej - President of the Management Board, registered in the District Court for Wroc\u0142aw-Fabryczna, IX Economic Division of the National Court Register under the KRS number: 0000804997; Pursuant to Article 13(1) and (2) of the Regulation of the Parliament [...].<\/p>","protected":false},"author":2,"featured_media":0,"parent":0,"menu_order":0,"comment_status":"closed","ping_status":"closed","template":"","meta":{"_acf_changed":false,"footnotes":""},"class_list":["post-9451","page","type-page","status-publish","hentry"],"acf":[],"yoast_head":"<!-- This site is optimized with the Yoast SEO plugin v26.8 - https:\/\/yoast.com\/product\/yoast-seo-wordpress\/ -->\n<title>Klauzula RODO - Commplace<\/title>\n<meta name=\"robots\" content=\"index, follow, max-snippet:-1, max-image-preview:large, max-video-preview:-1\" \/>\n<link rel=\"canonical\" href=\"https:\/\/nowy.commplace.pl\/en\/klauzula-rodo\/\" \/>\n<meta property=\"og:locale\" content=\"en_GB\" \/>\n<meta property=\"og:type\" content=\"article\" \/>\n<meta property=\"og:title\" content=\"Klauzula RODO - Commplace\" \/>\n<meta property=\"og:description\" content=\"Commplace Sp\u00f3\u0142ka z ograniczon\u0105 odpowiedzialno\u015bci\u0105 Sp\u00f3\u0142ka Komandytowa, z siedzib\u0105 przy ul. Liczyrzepy 20, 58-564 Sosn\u00f3wka k. Karpacza, NIP: 6112803380, REGON: 384475412, reprezentowan\u0105 przez: Sebastiana Kopiej \u2013 Prezesa Zarz\u0105du, zarejestrowan\u0105 w S\u0105dzie Rejonowym dla Wroc\u0142awia-Fabrycznej, IX Wydzia\u0142 Gospodarczy Krajowego Rejestru S\u0105dowego pod numerem KRS: 0000804997; Zgodnie z art. 13 ust. 1 i ust. 2 Rozporz\u0105dzenia Parlamentu [&hellip;]\" \/>\n<meta property=\"og:url\" content=\"https:\/\/nowy.commplace.pl\/en\/klauzula-rodo\/\" \/>\n<meta property=\"og:site_name\" content=\"Commplace\" \/>\n<meta name=\"twitter:card\" content=\"summary_large_image\" \/>\n<meta name=\"twitter:label1\" content=\"Estimated reading time\" \/>\n\t<meta name=\"twitter:data1\" content=\"3 minutes\" \/>\n<!-- \/ Yoast SEO plugin. -->","yoast_head_json":{"title":"RODO clause - Commplace","robots":{"index":"index","follow":"follow","max-snippet":"max-snippet:-1","max-image-preview":"max-image-preview:large","max-video-preview":"max-video-preview:-1"},"canonical":"https:\/\/nowy.commplace.pl\/en\/klauzula-rodo\/","og_locale":"en_GB","og_type":"article","og_title":"Klauzula RODO - Commplace","og_description":"Commplace Sp\u00f3\u0142ka z ograniczon\u0105 odpowiedzialno\u015bci\u0105 Sp\u00f3\u0142ka Komandytowa, z siedzib\u0105 przy ul. Liczyrzepy 20, 58-564 Sosn\u00f3wka k. Karpacza, NIP: 6112803380, REGON: 384475412, reprezentowan\u0105 przez: Sebastiana Kopiej \u2013 Prezesa Zarz\u0105du, zarejestrowan\u0105 w S\u0105dzie Rejonowym dla Wroc\u0142awia-Fabrycznej, IX Wydzia\u0142 Gospodarczy Krajowego Rejestru S\u0105dowego pod numerem KRS: 0000804997; Zgodnie z art. 13 ust. 1 i ust. 2 Rozporz\u0105dzenia Parlamentu [&hellip;]","og_url":"https:\/\/nowy.commplace.pl\/en\/klauzula-rodo\/","og_site_name":"Commplace","twitter_card":"summary_large_image","twitter_misc":{"Estimated reading time":"3 minutes"},"schema":{"@context":"https:\/\/schema.org","@graph":[{"@type":"WebPage","@id":"https:\/\/nowy.commplace.pl\/en\/klauzula-rodo\/","url":"https:\/\/nowy.commplace.pl\/en\/klauzula-rodo\/","name":"RODO clause - Commplace","isPartOf":{"@id":"https:\/\/nowy.commplace.pl\/en\/#website"},"datePublished":"2025-03-18T10:55:58+00:00","breadcrumb":{"@id":"https:\/\/nowy.commplace.pl\/en\/klauzula-rodo\/#breadcrumb"},"inLanguage":"en-GB","potentialAction":[{"@type":"ReadAction","target":["https:\/\/nowy.commplace.pl\/en\/klauzula-rodo\/"]}]},{"@type":"BreadcrumbList","@id":"https:\/\/nowy.commplace.pl\/en\/klauzula-rodo\/#breadcrumb","itemListElement":[{"@type":"ListItem","position":1,"name":"Home","item":"https:\/\/nowy.commplace.pl\/"},{"@type":"ListItem","position":2,"name":"Klauzula RODO"}]},{"@type":"WebSite","@id":"https:\/\/nowy.commplace.pl\/en\/#website","url":"https:\/\/nowy.commplace.pl\/en\/","name":"Commplace","description":"PR agency Wroc\u0142aw","potentialAction":[{"@type":"SearchAction","target":{"@type":"EntryPoint","urlTemplate":"https:\/\/nowy.commplace.pl\/en\/?s={search_term_string}"},"query-input":{"@type":"PropertyValueSpecification","valueRequired":true,"valueName":"search_term_string"}}],"inLanguage":"en-GB"}]}},"_links":{"self":[{"href":"https:\/\/nowy.commplace.pl\/en\/wp-json\/wp\/v2\/pages\/9451","targetHints":{"allow":["GET"]}}],"collection":[{"href":"https:\/\/nowy.commplace.pl\/en\/wp-json\/wp\/v2\/pages"}],"about":[{"href":"https:\/\/nowy.commplace.pl\/en\/wp-json\/wp\/v2\/types\/page"}],"author":[{"embeddable":true,"href":"https:\/\/nowy.commplace.pl\/en\/wp-json\/wp\/v2\/users\/2"}],"replies":[{"embeddable":true,"href":"https:\/\/nowy.commplace.pl\/en\/wp-json\/wp\/v2\/comments?post=9451"}],"version-history":[{"count":1,"href":"https:\/\/nowy.commplace.pl\/en\/wp-json\/wp\/v2\/pages\/9451\/revisions"}],"predecessor-version":[{"id":9452,"href":"https:\/\/nowy.commplace.pl\/en\/wp-json\/wp\/v2\/pages\/9451\/revisions\/9452"}],"wp:attachment":[{"href":"https:\/\/nowy.commplace.pl\/en\/wp-json\/wp\/v2\/media?parent=9451"}],"curies":[{"name":"wp","href":"https:\/\/api.w.org\/{rel}","templated":true}]}}